{"id":3496,"date":"2021-07-07T13:31:20","date_gmt":"2021-07-07T11:31:20","guid":{"rendered":"https:\/\/www.breamimmobilien.de\/immobilienmakler-berlin-wilhelmstadt\/"},"modified":"2022-04-11T12:29:45","modified_gmt":"2022-04-11T10:29:45","slug":"real-estate-agent-berlin-wilhelmstadt","status":"publish","type":"page","link":"https:\/\/www.breamimmobilien.de\/en\/real-estate-agent-berlin-wilhelmstadt\/","title":{"rendered":"Real estate agent Berlin-Wilhelmstadt"},"content":{"rendered":"\n<h1 class=\"wp-block-heading\">We are Bream Immobilien, your real estate team for Berlin-Wilhelmstadt in the district of Spandau<\/h1>\n\n\n\n<p><strong>Whether a property sale or a home purchase in Wilhelmstadt is pending, we personally support both sellers and buyers, because we know the real estate market in the Spandau area, especially in Wilhelmstadt, very well. <\/strong><\/p>\n\n\n\n<p><strong>We mainly offer residential properties for sale: detached houses, villas, condominiums, building plots and apartment buildings.<\/strong><\/p>\n\n\n\n<h2 class=\"wp-block-heading\">If you wish, we are happy to provide you with support from A-Z<\/h2>\n\n\n\n<div class=\"wp-block-image\"><figure class=\"alignright size-full is-resized\"><img decoding=\"async\" src=\"https:\/\/www.breamimmobilien.de\/wp-content\/uploads\/2021\/05\/nurfliegendesHaus.png\" alt=\"\" class=\"wp-image-1118\" width=\"294\" height=\"97\" srcset=\"https:\/\/www.breamimmobilien.de\/wp-content\/uploads\/2021\/05\/nurfliegendesHaus.png 1920w, https:\/\/www.breamimmobilien.de\/wp-content\/uploads\/2021\/05\/nurfliegendesHaus-300x98.png 300w, https:\/\/www.breamimmobilien.de\/wp-content\/uploads\/2021\/05\/nurfliegendesHaus-1024x336.png 1024w, https:\/\/www.breamimmobilien.de\/wp-content\/uploads\/2021\/05\/nurfliegendesHaus-768x252.png 768w, https:\/\/www.breamimmobilien.de\/wp-content\/uploads\/2021\/05\/nurfliegendesHaus-1536x504.png 1536w, https:\/\/www.breamimmobilien.de\/wp-content\/uploads\/2021\/05\/nurfliegendesHaus-400x131.png 400w, https:\/\/www.breamimmobilien.de\/wp-content\/uploads\/2021\/05\/nurfliegendesHaus-100x33.png 100w, https:\/\/www.breamimmobilien.de\/wp-content\/uploads\/2021\/05\/nurfliegendesHaus-200x66.png 200w, https:\/\/www.breamimmobilien.de\/wp-content\/uploads\/2021\/05\/nurfliegendesHaus-600x197.png 600w, https:\/\/www.breamimmobilien.de\/wp-content\/uploads\/2021\/05\/nurfliegendesHaus-800x263.png 800w, https:\/\/www.breamimmobilien.de\/wp-content\/uploads\/2021\/05\/nurfliegendesHaus-1200x394.png 1200w\" sizes=\"(max-width: 294px) 100vw, 294px\" \/><\/figure><\/div>\n\n\n\n<p>Our professional property agency services for prospective buyers and sellers are very comprehensive and individually tailored. Read our <a href=\"https:\/\/www.breamimmobilien.de\/en\/services\/\">service list<\/a> and benefit from our <a href=\"https:\/\/www.breamimmobilien.de\/en\/services\/property-valuation\/\">free real estate valuation<\/a> in your favour.<\/p>\n\n\n\n<div class=\"wp-block-group alignfull is-style-immowire-all-margin has-colors-bg-gray-background-color has-background\"><div class=\"wp-block-group__inner-container is-layout-flow wp-block-group-is-layout-flow\">\n<h2 class=\"has-text-color wp-block-heading\" style=\"color:#af14ac\">Our key area of business is in the district of Spandau &#8211; the proximity to the Havel is unbeatably attractive<\/h2>\n\n\n\n<p>Our company is located in Spandau, in the districts of Kladow and Siemensstadt. We have been working as estate agents in Berlin for over 10 years and have been established in Spandau under the name <a href=\"https:\/\/www.breamimmobilien.de\/en\/about-us\/\">Bream Immobilien<\/a> since 2019.<\/p>\n\n\n\n<div class=\"wp-block-image\"><figure class=\"alignright size-full is-resized\"><img decoding=\"async\" src=\"https:\/\/www.breamimmobilien.de\/wp-content\/uploads\/2021\/07\/IMG_2376.jpeg\" alt=\"Immobilienmakler Berlin-Wilhelmstadt\" class=\"wp-image-2896\" width=\"354\" height=\"265\" srcset=\"https:\/\/www.breamimmobilien.de\/wp-content\/uploads\/2021\/07\/IMG_2376.jpeg 4032w, https:\/\/www.breamimmobilien.de\/wp-content\/uploads\/2021\/07\/IMG_2376-300x225.jpeg 300w, https:\/\/www.breamimmobilien.de\/wp-content\/uploads\/2021\/07\/IMG_2376-1024x768.jpeg 1024w, https:\/\/www.breamimmobilien.de\/wp-content\/uploads\/2021\/07\/IMG_2376-768x576.jpeg 768w, https:\/\/www.breamimmobilien.de\/wp-content\/uploads\/2021\/07\/IMG_2376-1536x1152.jpeg 1536w, https:\/\/www.breamimmobilien.de\/wp-content\/uploads\/2021\/07\/IMG_2376-2048x1536.jpeg 2048w, https:\/\/www.breamimmobilien.de\/wp-content\/uploads\/2021\/07\/IMG_2376-400x300.jpeg 400w, https:\/\/www.breamimmobilien.de\/wp-content\/uploads\/2021\/07\/IMG_2376-100x75.jpeg 100w, https:\/\/www.breamimmobilien.de\/wp-content\/uploads\/2021\/07\/IMG_2376-200x150.jpeg 200w, https:\/\/www.breamimmobilien.de\/wp-content\/uploads\/2021\/07\/IMG_2376-600x450.jpeg 600w, https:\/\/www.breamimmobilien.de\/wp-content\/uploads\/2021\/07\/IMG_2376-800x600.jpeg 800w, https:\/\/www.breamimmobilien.de\/wp-content\/uploads\/2021\/07\/IMG_2376-1200x900.jpeg 1200w\" sizes=\"(max-width: 354px) 100vw, 354px\" \/><\/figure><\/div>\n\n\n\n<p>In the meantime, we have successfully sold numerous properties (see our <a href=\"https:\/\/www.breamimmobilien.de\/en\/references\/\">portfolio of references<\/a>) and therefore always have a large, up-to-date client base of search clients, especially for Berlin-Wilhelmstadt and the surrounding area, in some cases even clients with a <a href=\"https:\/\/www.breamimmobilien.de\/en\/services\/property-search-request\/\">commissionable search mandate<\/a>, for whom we would be happy to arrange a suitable purchase offer in a timely manner.<\/p>\n\n\n\n<p>If you would like to sell your house or flat, you have come to the right place, because we provide transparent and tailor-made advice and offer you a serious, <a href=\"https:\/\/www.breamimmobilien.de\/en\/services\/property-valuation\/\">free property valuation<\/a> including comprehensive advice.<br>This link also gives you an overview of our current <a href=\"https:\/\/www.breamimmobilien.de\/en\/property-offers\/\">real estate offer<\/a>.<\/p>\n\n\n\n<p>We are an active member of the <a href=\"https:\/\/ivd.net\/\" target=\"_blank\" rel=\"noreferrer noopener\">IVD (German Real Estate Association)<\/a> and are therefore quality-checked by the association. Continuous further training is obligatory for us and seriousness is a matter of course.<\/p>\n<\/div><\/div>\n\n\n\n<h2 class=\"wp-block-heading\">Berlin-Wilhelmstadt is located near the Havel and has the highest property prices in Spandau<\/h2>\n\n\n\n<p>Berlin-Wilhelmstadt is a sought-after part of the district of Spandau and is located south of the centre of Spandau. It is bordered by Scharfe Lanke\/ St\u00f6\u00dfenseebr\u00fccke to the east and Weinbergsh\u00f6he\/ Staaken to the west. Pichelsdorfer Stra\u00dfe with its classic Berlin old buildings and listed, historic housing estates around Grimnitzsee lake and Pichelsdorf itself with its breathtaking view over the Havel river are also part of this district.<\/p>\n\n\n\n<div class=\"wp-block-image\"><figure class=\"alignleft size-full is-resized\"><img decoding=\"async\" src=\"https:\/\/www.breamimmobilien.de\/wp-content\/uploads\/2021\/07\/IMG_2364.jpeg\" alt=\"Makler Berlin-Wilhelmstadt\" class=\"wp-image-2897\" width=\"378\" height=\"283\" srcset=\"https:\/\/www.breamimmobilien.de\/wp-content\/uploads\/2021\/07\/IMG_2364.jpeg 4032w, https:\/\/www.breamimmobilien.de\/wp-content\/uploads\/2021\/07\/IMG_2364-300x225.jpeg 300w, https:\/\/www.breamimmobilien.de\/wp-content\/uploads\/2021\/07\/IMG_2364-1024x768.jpeg 1024w, https:\/\/www.breamimmobilien.de\/wp-content\/uploads\/2021\/07\/IMG_2364-768x576.jpeg 768w, https:\/\/www.breamimmobilien.de\/wp-content\/uploads\/2021\/07\/IMG_2364-1536x1152.jpeg 1536w, https:\/\/www.breamimmobilien.de\/wp-content\/uploads\/2021\/07\/IMG_2364-2048x1536.jpeg 2048w, https:\/\/www.breamimmobilien.de\/wp-content\/uploads\/2021\/07\/IMG_2364-400x300.jpeg 400w, https:\/\/www.breamimmobilien.de\/wp-content\/uploads\/2021\/07\/IMG_2364-100x75.jpeg 100w, https:\/\/www.breamimmobilien.de\/wp-content\/uploads\/2021\/07\/IMG_2364-200x150.jpeg 200w, https:\/\/www.breamimmobilien.de\/wp-content\/uploads\/2021\/07\/IMG_2364-600x450.jpeg 600w, https:\/\/www.breamimmobilien.de\/wp-content\/uploads\/2021\/07\/IMG_2364-800x600.jpeg 800w, https:\/\/www.breamimmobilien.de\/wp-content\/uploads\/2021\/07\/IMG_2364-1200x900.jpeg 1200w\" sizes=\"(max-width: 378px) 100vw, 378px\" \/><\/figure><\/div>\n\n\n\n<p>Wilhelmstadt borders Gatow to the south and the \u201eRieselfelder\u201c fields to the southwest. Heerstra\u00dfe runs through the middle of Wilhelmstadt and provides a direct link to Charlottenburg and out of town to Dallgow-D\u00f6beritz and the A10 motorway ring. The most sought-after plots are south of Heerstra\u00dfe on the banks of the Havel, on Haveld\u00fcne or Weinbergsh\u00f6he.<\/p>\n\n\n\n<p>The Haveld\u00fcne is an elongated hill that stretches from Pichelsdorf via Gatow to Kladow along the banks of the Havel and westwards somewhat towards Hahneberg\/ Staaken. Here you will find a mature development of single-family homes with the highest land prices in Spandau. The prices represent the high recreational value, the proximity to the water, the privileged position on the hill, the peace and quiet, and the good connections to both Spandau&#8217;s centre and Charlottenburg.<\/p>\n\n\n\n<p>Along the banks of the Havel, one water sports club follows another. Several marinas, yacht harbours, boatyards and boat rental stations as well as waterside restaurants attract many water-loving tourists and Berliners. On the eastern bank of the &#8220;Scharfe Lanke&#8221; you can even find the world&#8217;s only &#8220;wet&#8221; deep water simulation facility.<\/p>\n\n\n\n<div class=\"wp-block-image\"><figure class=\"alignright size-full is-resized\"><img decoding=\"async\" src=\"https:\/\/www.breamimmobilien.de\/wp-content\/uploads\/2021\/07\/IMG_9450.jpeg\" alt=\"Immobilienmakler Wilhelmstadt\" class=\"wp-image-2890\" width=\"438\" height=\"327\" srcset=\"https:\/\/www.breamimmobilien.de\/wp-content\/uploads\/2021\/07\/IMG_9450-300x225.jpeg 300w, https:\/\/www.breamimmobilien.de\/wp-content\/uploads\/2021\/07\/IMG_9450-400x300.jpeg 400w, https:\/\/www.breamimmobilien.de\/wp-content\/uploads\/2021\/07\/IMG_9450-100x75.jpeg 100w, https:\/\/www.breamimmobilien.de\/wp-content\/uploads\/2021\/07\/IMG_9450-200x150.jpeg 200w\" sizes=\"(max-width: 438px) 100vw, 438px\" \/><\/figure><\/div>\n\n\n\n<p>In this diving tower facility of the Federal Teaching and Research Institute (BLFS), sports divers of the DLRG (Deutsche Lebens-Rettungs-Gesellshaft e.V.) can simulate diving depths of up to 150 metres, gain experience in deep diving and simulate diving accidents.<\/p>\n\n\n\n<p>This is also the gateway to Europe&#8217;s largest inland waterway. The water connections reach as far as the Baltic Sea or the North Sea. A large network of hiking and cycling trails also lies at your feet here.<\/p>\n\n\n\n<p>North of Heerstrasse, on the other hand, you will find mainly larger apartment buildings and mixed development with urban infrastructure, many small pubs and snack bars and various shops.<\/p>\n\n\n\n<div class=\"wp-block-cover alignfull is-light has-parallax is-style-immowire-normal-block\" style=\"background-image:url(https:\/\/www.breamimmobilien.de\/wp-content\/uploads\/2021\/07\/IMG_9260.jpeg);min-height:519px;aspect-ratio:unset;\"><span aria-hidden=\"true\" class=\"has-colors-primary-background-color has-background-dim-0 wp-block-cover__gradient-background has-background-dim\"><\/span><div class=\"wp-block-cover__inner-container is-layout-flow wp-block-cover-is-layout-flow\">\n<div class=\"wp-block-group is-style-immowire-transparent has-colors-text-color has-colors-site-background-background-color has-text-color has-background\"><div class=\"wp-block-group__inner-container is-layout-flow wp-block-group-is-layout-flow\">\n<h2 class=\"has-text-align-center has-colors-primary-color has-text-color wp-block-heading\"><strong>Your order is important to us! <\/strong>You decide. We act.<\/h2>\n\n\n\n<div class=\"wp-block-buttons is-horizontal is-content-justification-center is-layout-flex wp-container-core-buttons-is-layout-499968f5 wp-block-buttons-is-layout-flex\">\n<div class=\"wp-block-button is-style-immowire-theme-button\"><a class=\"wp-block-button__link\" href=\"https:\/\/www.breamimmobilien.de\/en\/contact-us\/\">Contact us now<\/a><\/div>\n<\/div>\n<\/div><\/div>\n<\/div><\/div>\n\n\n\n<h2 class=\"has-text-color wp-block-heading\" style=\"color:#af14ac\">Tipster commission for seller tip<\/h2>\n\n\n\n<p>If you know someone who is considering whether now is the right time to sell their house or condominium in Berlin-Wilhelmstadt or the surrounding area, we would be very pleased to receive a tip. Provided that the prospective seller expressly agrees to us passing on their contact details, you are welcome to <a href=\"https:\/\/www.breamimmobilien.de\/en\/contact-us\/\">contact us<\/a> as a tipster and put us in touch with the owner.<\/p>\n\n\n\n<p>We are happy to advise any owner or tipster free of charge and without obligation.<br>We reward successful sales which have come about as a result of tipsters with up to 1% of the sales price achieved. Read more about the <a href=\"https:\/\/www.breamimmobilien.de\/en\/services\/tipster-commission\/\">tipster commission<\/a>.<\/p>\n\n\n\n<p><a href=\"https:\/\/www.breamimmobilien.de\/en\/contact-us\/\">Contact us<\/a>, we will consult you personally.<\/p>\n\n\n\n<h2 class=\"wp-block-heading\">Get to know other Berlin districts bordering Berlin-Wilhelmsstadt:<\/h2>\n\n\n\n<ul class=\"is-style-no-background wp-block-list\"><li><a href=\"https:\/\/www.breamimmobilien.de\/en\/real-estate-agent-berlin-westend\/\">Berlin-Westend<\/a><\/li><li><a href=\"https:\/\/www.breamimmobilien.de\/en\/real-estate-agent-berlin-spandau\/\">Berlin-Spandau<\/a><\/li><li><a href=\"https:\/\/www.breamimmobilien.de\/en\/real-estate-agent-berlin-staaken\/\">Berlin-Staaken<\/a><\/li><li><a href=\"https:\/\/www.breamimmobilien.de\/en\/real-estate-agent-berlin-gatow\/\">Berlin-Gatow<\/a><\/li><\/ul>\n\n\n\n<h2 class=\"wp-block-heading\">Other districts in Brandenburg bordering Berlin-Kladow:<\/h2>\n\n\n\n<ul class=\"is-style-no-background wp-block-list\"><li>Seeburg<\/li><\/ul>\n","protected":false},"excerpt":{"rendered":"<p>We are Bream Immobilien, your real estate team for Berlin-Wilhelmstadt in the district of Spandau Whether a property sale or a home purchase in Wilhelmstadt is pending, we personally [&hellip;]<\/p>\n","protected":false},"author":1,"featured_media":0,"parent":0,"menu_order":27,"comment_status":"closed","ping_status":"closed","template":"","meta":{"_acf_changed":false,"footnotes":""},"class_list":["post-3496","page","type-page","status-publish","hentry"],"acf":[],"yoast_head":"<!-- This site is optimized with the Yoast SEO plugin v27.3 - https:\/\/yoast.com\/product\/yoast-seo-wordpress\/ -->\n<title>Real estate agent Berlin-Wilhelmstadt - Makler Berlin-Wilhelmstadt<\/title>\n<meta name=\"description\" content=\"Ob ein Immobilienverkauf oder ein Eigenheimerwerb in Wilhelmstadt ansteht, wir unterst\u00fctzen sowohl Verk\u00e4ufer als auch K\u00e4ufer pers\u00f6nlich.\" \/>\n<meta name=\"robots\" content=\"index, follow, max-snippet:-1, max-image-preview:large, max-video-preview:-1\" \/>\n<link rel=\"canonical\" href=\"https:\/\/www.breamimmobilien.de\/en\/real-estate-agent-berlin-wilhelmstadt\/\" \/>\n<meta property=\"og:locale\" content=\"en_US\" \/>\n<meta property=\"og:type\" content=\"article\" \/>\n<meta property=\"og:title\" content=\"Real estate agent Berlin-Wilhelmstadt - Makler Berlin-Wilhelmstadt\" \/>\n<meta property=\"og:description\" content=\"Ob ein Immobilienverkauf oder ein Eigenheimerwerb in Wilhelmstadt ansteht, wir unterst\u00fctzen sowohl Verk\u00e4ufer als auch K\u00e4ufer pers\u00f6nlich.\" \/>\n<meta property=\"og:url\" content=\"https:\/\/www.breamimmobilien.de\/en\/real-estate-agent-berlin-wilhelmstadt\/\" \/>\n<meta property=\"og:site_name\" content=\"Bream Immobilien\" \/>\n<meta property=\"article:publisher\" content=\"https:\/\/www.facebook.com\/breamimmobilien\" \/>\n<meta property=\"article:modified_time\" content=\"2022-04-11T10:29:45+00:00\" \/>\n<meta property=\"og:image\" content=\"https:\/\/www.breamimmobilien.de\/wp-content\/uploads\/2021\/05\/nurfliegendesHaus.png\" \/>\n<meta name=\"twitter:card\" content=\"summary_large_image\" \/>\n<meta name=\"twitter:label1\" content=\"Est. reading time\" \/>\n\t<meta name=\"twitter:data1\" content=\"6 minutes\" \/>\n<script type=\"application\/ld+json\" class=\"yoast-schema-graph\">{\"@context\":\"https:\\\/\\\/schema.org\",\"@graph\":[{\"@type\":\"WebPage\",\"@id\":\"https:\\\/\\\/www.breamimmobilien.de\\\/en\\\/real-estate-agent-berlin-wilhelmstadt\\\/\",\"url\":\"https:\\\/\\\/www.breamimmobilien.de\\\/en\\\/real-estate-agent-berlin-wilhelmstadt\\\/\",\"name\":\"Real estate agent Berlin-Wilhelmstadt - Makler Berlin-Wilhelmstadt\",\"isPartOf\":{\"@id\":\"https:\\\/\\\/www.breamimmobilien.de\\\/en\\\/#website\"},\"primaryImageOfPage\":{\"@id\":\"https:\\\/\\\/www.breamimmobilien.de\\\/en\\\/real-estate-agent-berlin-wilhelmstadt\\\/#primaryimage\"},\"image\":{\"@id\":\"https:\\\/\\\/www.breamimmobilien.de\\\/en\\\/real-estate-agent-berlin-wilhelmstadt\\\/#primaryimage\"},\"thumbnailUrl\":\"https:\\\/\\\/www.breamimmobilien.de\\\/wp-content\\\/uploads\\\/2021\\\/05\\\/nurfliegendesHaus.png\",\"datePublished\":\"2021-07-07T11:31:20+00:00\",\"dateModified\":\"2022-04-11T10:29:45+00:00\",\"description\":\"Ob ein Immobilienverkauf oder ein Eigenheimerwerb in Wilhelmstadt ansteht, wir unterst\u00fctzen sowohl Verk\u00e4ufer als auch K\u00e4ufer pers\u00f6nlich.\",\"breadcrumb\":{\"@id\":\"https:\\\/\\\/www.breamimmobilien.de\\\/en\\\/real-estate-agent-berlin-wilhelmstadt\\\/#breadcrumb\"},\"inLanguage\":\"en-US\",\"potentialAction\":[{\"@type\":\"ReadAction\",\"target\":[\"https:\\\/\\\/www.breamimmobilien.de\\\/en\\\/real-estate-agent-berlin-wilhelmstadt\\\/\"]}]},{\"@type\":\"ImageObject\",\"inLanguage\":\"en-US\",\"@id\":\"https:\\\/\\\/www.breamimmobilien.de\\\/en\\\/real-estate-agent-berlin-wilhelmstadt\\\/#primaryimage\",\"url\":\"https:\\\/\\\/www.breamimmobilien.de\\\/wp-content\\\/uploads\\\/2021\\\/05\\\/nurfliegendesHaus.png\",\"contentUrl\":\"https:\\\/\\\/www.breamimmobilien.de\\\/wp-content\\\/uploads\\\/2021\\\/05\\\/nurfliegendesHaus.png\"},{\"@type\":\"BreadcrumbList\",\"@id\":\"https:\\\/\\\/www.breamimmobilien.de\\\/en\\\/real-estate-agent-berlin-wilhelmstadt\\\/#breadcrumb\",\"itemListElement\":[{\"@type\":\"ListItem\",\"position\":1,\"name\":\"Startseite\",\"item\":\"https:\\\/\\\/www.breamimmobilien.de\\\/en\\\/\"},{\"@type\":\"ListItem\",\"position\":2,\"name\":\"Real estate agent Berlin-Wilhelmstadt\"}]},{\"@type\":\"WebSite\",\"@id\":\"https:\\\/\\\/www.breamimmobilien.de\\\/en\\\/#website\",\"url\":\"https:\\\/\\\/www.breamimmobilien.de\\\/en\\\/\",\"name\":\"Bream Immobilien\",\"description\":\"in Berlin, Potsdam &amp; Umgebung\",\"publisher\":{\"@id\":\"https:\\\/\\\/www.breamimmobilien.de\\\/en\\\/#organization\"},\"potentialAction\":[{\"@type\":\"SearchAction\",\"target\":{\"@type\":\"EntryPoint\",\"urlTemplate\":\"https:\\\/\\\/www.breamimmobilien.de\\\/en\\\/?s={search_term_string}\"},\"query-input\":{\"@type\":\"PropertyValueSpecification\",\"valueRequired\":true,\"valueName\":\"search_term_string\"}}],\"inLanguage\":\"en-US\"},{\"@type\":\"Organization\",\"@id\":\"https:\\\/\\\/www.breamimmobilien.de\\\/en\\\/#organization\",\"name\":\"Bream Immobilien\",\"url\":\"https:\\\/\\\/www.breamimmobilien.de\\\/en\\\/\",\"logo\":{\"@type\":\"ImageObject\",\"inLanguage\":\"en-US\",\"@id\":\"https:\\\/\\\/www.breamimmobilien.de\\\/en\\\/#\\\/schema\\\/logo\\\/image\\\/\",\"url\":\"https:\\\/\\\/www.breamimmobilien.de\\\/wp-content\\\/uploads\\\/2023\\\/05\\\/bream-logo.jpg\",\"contentUrl\":\"https:\\\/\\\/www.breamimmobilien.de\\\/wp-content\\\/uploads\\\/2023\\\/05\\\/bream-logo.jpg\",\"width\":400,\"height\":129,\"caption\":\"Bream Immobilien\"},\"image\":{\"@id\":\"https:\\\/\\\/www.breamimmobilien.de\\\/en\\\/#\\\/schema\\\/logo\\\/image\\\/\"},\"sameAs\":[\"https:\\\/\\\/www.facebook.com\\\/breamimmobilien\",\"https:\\\/\\\/www.instagram.com\\\/breamimmobilien\\\/\"]}]}<\/script>\n<!-- \/ Yoast SEO plugin. -->","yoast_head_json":{"title":"Real estate agent Berlin-Wilhelmstadt - Makler Berlin-Wilhelmstadt","description":"Ob ein Immobilienverkauf oder ein Eigenheimerwerb in Wilhelmstadt ansteht, wir unterst\u00fctzen sowohl Verk\u00e4ufer als auch K\u00e4ufer pers\u00f6nlich.","robots":{"index":"index","follow":"follow","max-snippet":"max-snippet:-1","max-image-preview":"max-image-preview:large","max-video-preview":"max-video-preview:-1"},"canonical":"https:\/\/www.breamimmobilien.de\/en\/real-estate-agent-berlin-wilhelmstadt\/","og_locale":"en_US","og_type":"article","og_title":"Real estate agent Berlin-Wilhelmstadt - Makler Berlin-Wilhelmstadt","og_description":"Ob ein Immobilienverkauf oder ein Eigenheimerwerb in Wilhelmstadt ansteht, wir unterst\u00fctzen sowohl Verk\u00e4ufer als auch K\u00e4ufer pers\u00f6nlich.","og_url":"https:\/\/www.breamimmobilien.de\/en\/real-estate-agent-berlin-wilhelmstadt\/","og_site_name":"Bream Immobilien","article_publisher":"https:\/\/www.facebook.com\/breamimmobilien","article_modified_time":"2022-04-11T10:29:45+00:00","og_image":[{"url":"https:\/\/www.breamimmobilien.de\/wp-content\/uploads\/2021\/05\/nurfliegendesHaus.png","type":"","width":"","height":""}],"twitter_card":"summary_large_image","twitter_misc":{"Est. reading time":"6 minutes"},"schema":{"@context":"https:\/\/schema.org","@graph":[{"@type":"WebPage","@id":"https:\/\/www.breamimmobilien.de\/en\/real-estate-agent-berlin-wilhelmstadt\/","url":"https:\/\/www.breamimmobilien.de\/en\/real-estate-agent-berlin-wilhelmstadt\/","name":"Real estate agent Berlin-Wilhelmstadt - Makler Berlin-Wilhelmstadt","isPartOf":{"@id":"https:\/\/www.breamimmobilien.de\/en\/#website"},"primaryImageOfPage":{"@id":"https:\/\/www.breamimmobilien.de\/en\/real-estate-agent-berlin-wilhelmstadt\/#primaryimage"},"image":{"@id":"https:\/\/www.breamimmobilien.de\/en\/real-estate-agent-berlin-wilhelmstadt\/#primaryimage"},"thumbnailUrl":"https:\/\/www.breamimmobilien.de\/wp-content\/uploads\/2021\/05\/nurfliegendesHaus.png","datePublished":"2021-07-07T11:31:20+00:00","dateModified":"2022-04-11T10:29:45+00:00","description":"Ob ein Immobilienverkauf oder ein Eigenheimerwerb in Wilhelmstadt ansteht, wir unterst\u00fctzen sowohl Verk\u00e4ufer als auch K\u00e4ufer pers\u00f6nlich.","breadcrumb":{"@id":"https:\/\/www.breamimmobilien.de\/en\/real-estate-agent-berlin-wilhelmstadt\/#breadcrumb"},"inLanguage":"en-US","potentialAction":[{"@type":"ReadAction","target":["https:\/\/www.breamimmobilien.de\/en\/real-estate-agent-berlin-wilhelmstadt\/"]}]},{"@type":"ImageObject","inLanguage":"en-US","@id":"https:\/\/www.breamimmobilien.de\/en\/real-estate-agent-berlin-wilhelmstadt\/#primaryimage","url":"https:\/\/www.breamimmobilien.de\/wp-content\/uploads\/2021\/05\/nurfliegendesHaus.png","contentUrl":"https:\/\/www.breamimmobilien.de\/wp-content\/uploads\/2021\/05\/nurfliegendesHaus.png"},{"@type":"BreadcrumbList","@id":"https:\/\/www.breamimmobilien.de\/en\/real-estate-agent-berlin-wilhelmstadt\/#breadcrumb","itemListElement":[{"@type":"ListItem","position":1,"name":"Startseite","item":"https:\/\/www.breamimmobilien.de\/en\/"},{"@type":"ListItem","position":2,"name":"Real estate agent Berlin-Wilhelmstadt"}]},{"@type":"WebSite","@id":"https:\/\/www.breamimmobilien.de\/en\/#website","url":"https:\/\/www.breamimmobilien.de\/en\/","name":"Bream Immobilien","description":"in Berlin, Potsdam &amp; Umgebung","publisher":{"@id":"https:\/\/www.breamimmobilien.de\/en\/#organization"},"potentialAction":[{"@type":"SearchAction","target":{"@type":"EntryPoint","urlTemplate":"https:\/\/www.breamimmobilien.de\/en\/?s={search_term_string}"},"query-input":{"@type":"PropertyValueSpecification","valueRequired":true,"valueName":"search_term_string"}}],"inLanguage":"en-US"},{"@type":"Organization","@id":"https:\/\/www.breamimmobilien.de\/en\/#organization","name":"Bream Immobilien","url":"https:\/\/www.breamimmobilien.de\/en\/","logo":{"@type":"ImageObject","inLanguage":"en-US","@id":"https:\/\/www.breamimmobilien.de\/en\/#\/schema\/logo\/image\/","url":"https:\/\/www.breamimmobilien.de\/wp-content\/uploads\/2023\/05\/bream-logo.jpg","contentUrl":"https:\/\/www.breamimmobilien.de\/wp-content\/uploads\/2023\/05\/bream-logo.jpg","width":400,"height":129,"caption":"Bream Immobilien"},"image":{"@id":"https:\/\/www.breamimmobilien.de\/en\/#\/schema\/logo\/image\/"},"sameAs":["https:\/\/www.facebook.com\/breamimmobilien","https:\/\/www.instagram.com\/breamimmobilien\/"]}]}},"_links":{"self":[{"href":"https:\/\/www.breamimmobilien.de\/en\/wp-json\/wp\/v2\/pages\/3496","targetHints":{"allow":["GET"]}}],"collection":[{"href":"https:\/\/www.breamimmobilien.de\/en\/wp-json\/wp\/v2\/pages"}],"about":[{"href":"https:\/\/www.breamimmobilien.de\/en\/wp-json\/wp\/v2\/types\/page"}],"author":[{"embeddable":true,"href":"https:\/\/www.breamimmobilien.de\/en\/wp-json\/wp\/v2\/users\/1"}],"replies":[{"embeddable":true,"href":"https:\/\/www.breamimmobilien.de\/en\/wp-json\/wp\/v2\/comments?post=3496"}],"version-history":[{"count":2,"href":"https:\/\/www.breamimmobilien.de\/en\/wp-json\/wp\/v2\/pages\/3496\/revisions"}],"predecessor-version":[{"id":3530,"href":"https:\/\/www.breamimmobilien.de\/en\/wp-json\/wp\/v2\/pages\/3496\/revisions\/3530"}],"wp:attachment":[{"href":"https:\/\/www.breamimmobilien.de\/en\/wp-json\/wp\/v2\/media?parent=3496"}],"curies":[{"name":"wp","href":"https:\/\/api.w.org\/{rel}","templated":true}]}}